{"id":110,"date":"2019-03-11T16:21:08","date_gmt":"2019-03-11T16:21:08","guid":{"rendered":"http:\/\/rottweilerzwinger-vom-deisterhorst.de\/?page_id=110"},"modified":"2024-10-07T13:10:11","modified_gmt":"2024-10-07T13:10:11","slug":"franzi-vom-norderdiek","status":"publish","type":"page","link":"http:\/\/rottweilerzwinger-vom-deisterhorst.de\/?page_id=110","title":{"rendered":"franzi vom norderdiek"},"content":{"rendered":"<h1>Franzi vom Norderdiek<\/h1>\n<p><img loading=\"lazy\" class=\"alignnone wp-image-112\" src=\"http:\/\/rottweilerzwinger-vom-deisterhorst.de\/wp-content\/uploads\/2019\/03\/20181128_141055-671x1024.jpg\" alt=\"\" width=\"356\" height=\"543\" srcset=\"http:\/\/rottweilerzwinger-vom-deisterhorst.de\/wp-content\/uploads\/2019\/03\/20181128_141055-671x1024.jpg 671w, http:\/\/rottweilerzwinger-vom-deisterhorst.de\/wp-content\/uploads\/2019\/03\/20181128_141055-196x300.jpg 196w, http:\/\/rottweilerzwinger-vom-deisterhorst.de\/wp-content\/uploads\/2019\/03\/20181128_141055-768x1173.jpg 768w, http:\/\/rottweilerzwinger-vom-deisterhorst.de\/wp-content\/uploads\/2019\/03\/20181128_141055.jpg 1046w\" sizes=\"(max-width: 356px) 100vw, 356px\" \/><\/p>\n<p><a href=\"https:\/\/www.working-dog.com\/dogs-details\/6549957\/Franzi-vom-Norderdiek\" target=\"_blank\" rel=\"noopener noreferrer\"><img loading=\"lazy\" class=\"alignnone wp-image-160\" src=\"http:\/\/rottweilerzwinger-vom-deisterhorst.de\/wp-content\/uploads\/2019\/03\/wd_logo_200_200.png\" alt=\"\" width=\"70\" height=\"70\" srcset=\"http:\/\/rottweilerzwinger-vom-deisterhorst.de\/wp-content\/uploads\/2019\/03\/wd_logo_200_200.png 200w, http:\/\/rottweilerzwinger-vom-deisterhorst.de\/wp-content\/uploads\/2019\/03\/wd_logo_200_200-150x150.png 150w\" sizes=\"(max-width: 70px) 100vw, 70px\" \/><\/a><a href=\"https:\/\/www.working-dog.com\/dogs-details\/6549957\/Franzi-vom-Norderdiek\" target=\"_blank\" rel=\"noopener noreferrer\">Franzi vom Norderdiek auf working-dog.com<\/a><\/p>\n<p>Wurftag: 03.03.2015<br \/>\nGr\u00f6\u00dfe \/ Gewicht:\u00a062,50 cm \/ 38 kg<br \/>\nAusbildungskennz.:\u00a0BH, IPO 1, ZTP<br \/>\nSchaubewertung:\u00a0vorz\u00fcglich<br \/>\nGesundheitsergebnisse:\u00a0HD +\/-, ED &#8211; (frei), JLPP-N\/N, (ADRK)<\/p>\n<p>ZTP am 22.07.2018 in Hundsm\u00fchlen (Siegmund Trebschuh):<\/p>\n<p>sehr gro\u00df, richtige Substanz, kr\u00e4ftige Knochen, ruhig, aufmerksam, kr\u00e4ftiger H\u00fcndinnenkopf, korrekt getragene Ohren, etwas kurzer Fang, sehr guter Stop, braune Augen (2b), Maulpigmente \u00fcberwiegend schwarz, in den Maulwinkeln leicht rosa durchbrochen, dunkle Zahnleiste, kr\u00e4ftiger Hals, gut geformte Brust, Vorderhand sehr gut gewinkelt, geschlossene Pfoten, sehr guter Ellenbogenschluss, gerader R\u00fccken, mit abfallender Kruppe, Hinterhand sehr gut gestellt und gewinkelt, Rute h\u00e4ngend getragen, kr\u00e4ftiges Stockhaar, im Bereich der Kruppe etwas wellig, mittelbraune, richtig verteilte Abzeichen, raumgreifendes Gangwerk.<br \/>\nKopfform: kr\u00e4ftig\/typvoll<br \/>\nJochbeinauspr\u00e4gung: deutlich<br \/>\nKnochenst\u00e4rke: kr\u00e4ftig<br \/>\nAllgemeinverhalten: selbstsicher, gutartig, aufmerksam<\/p>\n<div id='gallery-1' class='gallery galleryid-110 gallery-columns-3 gallery-size-thumbnail'><figure class='gallery-item'>\n\t\t\t<div class='gallery-icon portrait'>\n\t\t\t\t<a href='http:\/\/rottweilerzwinger-vom-deisterhorst.de\/wp-content\/uploads\/2019\/03\/20181128_1356201.jpg'><img width=\"150\" height=\"150\" src=\"http:\/\/rottweilerzwinger-vom-deisterhorst.de\/wp-content\/uploads\/2019\/03\/20181128_1356201-150x150.jpg\" class=\"attachment-thumbnail size-thumbnail\" alt=\"\" loading=\"lazy\" \/><\/a>\n\t\t\t<\/div><\/figure><figure class='gallery-item'>\n\t\t\t<div class='gallery-icon landscape'>\n\t\t\t\t<a href='http:\/\/rottweilerzwinger-vom-deisterhorst.de\/wp-content\/uploads\/2018\/12\/20181216_13535812.jpg'><img width=\"150\" height=\"150\" src=\"http:\/\/rottweilerzwinger-vom-deisterhorst.de\/wp-content\/uploads\/2018\/12\/20181216_13535812-150x150.jpg\" class=\"attachment-thumbnail size-thumbnail\" alt=\"\" loading=\"lazy\" \/><\/a>\n\t\t\t<\/div><\/figure><figure class='gallery-item'>\n\t\t\t<div class='gallery-icon landscape'>\n\t\t\t\t<a href='http:\/\/rottweilerzwinger-vom-deisterhorst.de\/wp-content\/uploads\/2018\/12\/20181128_1412062.jpg'><img width=\"150\" height=\"150\" src=\"http:\/\/rottweilerzwinger-vom-deisterhorst.de\/wp-content\/uploads\/2018\/12\/20181128_1412062-150x150.jpg\" class=\"attachment-thumbnail size-thumbnail\" alt=\"\" loading=\"lazy\" \/><\/a>\n\t\t\t<\/div><\/figure><figure class='gallery-item'>\n\t\t\t<div class='gallery-icon portrait'>\n\t\t\t\t<a href='http:\/\/rottweilerzwinger-vom-deisterhorst.de\/wp-content\/uploads\/2019\/03\/20181128_141055.jpg'><img width=\"150\" height=\"150\" src=\"http:\/\/rottweilerzwinger-vom-deisterhorst.de\/wp-content\/uploads\/2019\/03\/20181128_141055-150x150.jpg\" class=\"attachment-thumbnail size-thumbnail\" alt=\"\" loading=\"lazy\" \/><\/a>\n\t\t\t<\/div><\/figure>\n\t\t<\/div>\n\n","protected":false},"excerpt":{"rendered":"<p>Franzi vom Norderdiek Franzi vom Norderdiek auf working-dog.com Wurftag: 03.03.2015 Gr\u00f6\u00dfe \/ Gewicht:\u00a062,50 cm \/ 38 kg Ausbildungskennz.:\u00a0BH, IPO 1, ZTP Schaubewertung:\u00a0vorz\u00fcglich Gesundheitsergebnisse:\u00a0HD +\/-, ED &#8211; (frei), JLPP-N\/N, (ADRK) ZTP am 22.07.2018 in Hundsm\u00fchlen (Siegmund Trebschuh): sehr gro\u00df, richtige Substanz, kr\u00e4ftige Knochen, ruhig, aufmerksam, kr\u00e4ftiger H\u00fcndinnenkopf, korrekt getragene Ohren, etwas kurzer Fang, sehr guter Stop, &hellip;<\/p>\n<p class=\"read-more\"> <a class=\"\" href=\"http:\/\/rottweilerzwinger-vom-deisterhorst.de\/?page_id=110\"> <span class=\"screen-reader-text\">franzi vom norderdiek<\/span> Weiterlesen &raquo;<\/a><\/p>\n","protected":false},"author":1,"featured_media":0,"parent":0,"menu_order":0,"comment_status":"closed","ping_status":"closed","template":"","meta":[],"_links":{"self":[{"href":"http:\/\/rottweilerzwinger-vom-deisterhorst.de\/index.php?rest_route=\/wp\/v2\/pages\/110"}],"collection":[{"href":"http:\/\/rottweilerzwinger-vom-deisterhorst.de\/index.php?rest_route=\/wp\/v2\/pages"}],"about":[{"href":"http:\/\/rottweilerzwinger-vom-deisterhorst.de\/index.php?rest_route=\/wp\/v2\/types\/page"}],"author":[{"embeddable":true,"href":"http:\/\/rottweilerzwinger-vom-deisterhorst.de\/index.php?rest_route=\/wp\/v2\/users\/1"}],"replies":[{"embeddable":true,"href":"http:\/\/rottweilerzwinger-vom-deisterhorst.de\/index.php?rest_route=%2Fwp%2Fv2%2Fcomments&post=110"}],"version-history":[{"count":10,"href":"http:\/\/rottweilerzwinger-vom-deisterhorst.de\/index.php?rest_route=\/wp\/v2\/pages\/110\/revisions"}],"predecessor-version":[{"id":289,"href":"http:\/\/rottweilerzwinger-vom-deisterhorst.de\/index.php?rest_route=\/wp\/v2\/pages\/110\/revisions\/289"}],"wp:attachment":[{"href":"http:\/\/rottweilerzwinger-vom-deisterhorst.de\/index.php?rest_route=%2Fwp%2Fv2%2Fmedia&parent=110"}],"curies":[{"name":"wp","href":"https:\/\/api.w.org\/{rel}","templated":true}]}}