{"id":18,"date":"2018-12-09T11:56:11","date_gmt":"2018-12-09T11:56:11","guid":{"rendered":"http:\/\/rottweilerzwinger-vom-deisterhorst.de\/?page_id=18"},"modified":"2019-03-11T17:16:02","modified_gmt":"2019-03-11T17:16:02","slug":"ueber-mich","status":"publish","type":"page","link":"http:\/\/rottweilerzwinger-vom-deisterhorst.de\/?page_id=18","title":{"rendered":"\u00fcber mich"},"content":{"rendered":"<h1>\u00dcber mich<\/h1>\n<p>&nbsp;<\/p>\n<p><img loading=\"lazy\" class=\"alignnone size-full wp-image-69\" src=\"http:\/\/rottweilerzwinger-vom-deisterhorst.de\/wp-content\/uploads\/2018\/12\/schorse.jpg\" alt=\"\" width=\"249\" height=\"376\" srcset=\"http:\/\/rottweilerzwinger-vom-deisterhorst.de\/wp-content\/uploads\/2018\/12\/schorse.jpg 249w, http:\/\/rottweilerzwinger-vom-deisterhorst.de\/wp-content\/uploads\/2018\/12\/schorse-199x300.jpg 199w\" sizes=\"(max-width: 249px) 100vw, 249px\" \/><\/p>\n<p>&nbsp;<\/p>\n<p>Der Rottweiler war f\u00fcr mich schon immer der \u00fcberzeugendste Gebrauchshund, ich fand in meinen Rottweilern ideale Begleiter, als Familienhunde haben uns unsere Rottweiler viel Freude und Lebensqualit\u00e4t gebracht. Eleganz, Kraft, Wesensst\u00e4rke\u00a0<span style=\"font-size: 1rem;\">und<\/span><span style=\"font-size: 1rem;\">\u00a0Auss<\/span><span style=\"font-size: 1rem;\">trahlung vereinigen sich in idealer Weise\u00a0<\/span><span style=\"font-size: 1rem;\">im Rottweiler. Deshalb entschied ich mich\u00a0<\/span>schon vor 40 Jahren, mit einem Rottweiler Hundesport zu treiben. Seit dem habe ich mehrere R\u00fcden als auch H\u00fcndinnen erfolgreich zu regionalen aber auch \u00fcberregionalen Pr\u00fcfungen gef\u00fchrt. Teilnahmen an Deutschen Meisterschaften, VPG und FH geh\u00f6ren zu meinen Erfolgserlebnissen.<\/p>\n","protected":false},"excerpt":{"rendered":"<p>\u00dcber mich &nbsp; &nbsp; Der Rottweiler war f\u00fcr mich schon immer der \u00fcberzeugendste Gebrauchshund, ich fand in meinen Rottweilern ideale Begleiter, als Familienhunde haben uns unsere Rottweiler viel Freude und Lebensqualit\u00e4t gebracht. Eleganz, Kraft, Wesensst\u00e4rke\u00a0und\u00a0Ausstrahlung vereinigen sich in idealer Weise\u00a0im Rottweiler. Deshalb entschied ich mich\u00a0schon vor 40 Jahren, mit einem Rottweiler Hundesport zu treiben. Seit &hellip;<\/p>\n<p class=\"read-more\"> <a class=\"\" href=\"http:\/\/rottweilerzwinger-vom-deisterhorst.de\/?page_id=18\"> <span class=\"screen-reader-text\">\u00fcber mich<\/span> Weiterlesen &raquo;<\/a><\/p>\n","protected":false},"author":1,"featured_media":0,"parent":0,"menu_order":0,"comment_status":"closed","ping_status":"closed","template":"","meta":[],"_links":{"self":[{"href":"http:\/\/rottweilerzwinger-vom-deisterhorst.de\/index.php?rest_route=\/wp\/v2\/pages\/18"}],"collection":[{"href":"http:\/\/rottweilerzwinger-vom-deisterhorst.de\/index.php?rest_route=\/wp\/v2\/pages"}],"about":[{"href":"http:\/\/rottweilerzwinger-vom-deisterhorst.de\/index.php?rest_route=\/wp\/v2\/types\/page"}],"author":[{"embeddable":true,"href":"http:\/\/rottweilerzwinger-vom-deisterhorst.de\/index.php?rest_route=\/wp\/v2\/users\/1"}],"replies":[{"embeddable":true,"href":"http:\/\/rottweilerzwinger-vom-deisterhorst.de\/index.php?rest_route=%2Fwp%2Fv2%2Fcomments&post=18"}],"version-history":[{"count":7,"href":"http:\/\/rottweilerzwinger-vom-deisterhorst.de\/index.php?rest_route=\/wp\/v2\/pages\/18\/revisions"}],"predecessor-version":[{"id":71,"href":"http:\/\/rottweilerzwinger-vom-deisterhorst.de\/index.php?rest_route=\/wp\/v2\/pages\/18\/revisions\/71"}],"wp:attachment":[{"href":"http:\/\/rottweilerzwinger-vom-deisterhorst.de\/index.php?rest_route=%2Fwp%2Fv2%2Fmedia&parent=18"}],"curies":[{"name":"wp","href":"https:\/\/api.w.org\/{rel}","templated":true}]}}