{"id":326,"date":"2025-11-13T15:21:37","date_gmt":"2025-11-13T15:21:37","guid":{"rendered":"http:\/\/rottweilerzwinger-vom-deisterhorst.de\/?page_id=326"},"modified":"2026-01-22T17:14:27","modified_gmt":"2026-01-22T17:14:27","slug":"zucht-2025","status":"publish","type":"page","link":"http:\/\/rottweilerzwinger-vom-deisterhorst.de\/?page_id=326","title":{"rendered":"zucht 2025"},"content":{"rendered":"\n<p class=\"has-large-font-size\">Zucht 2025<\/p>\n\n\n\n<p>Aus der Verpaarung <a href=\"https:\/\/www.working-dog.com\/dogs-details\/7895936\/Mandy-vom-Deisterhorst\" target=\"_blank\" rel=\"noreferrer noopener\"><strong>Mandy vom Deisterhorst<\/strong> <\/a>und dem R\u00fcden <strong><a href=\"https:\/\/www.working-dog.com\/dogs-details\/6975989\/Mars-vom-Cherniy-Kumir\" target=\"_blank\" rel=\"noreferrer noopener\">Mars vom Cherniy Kumir<\/a><\/strong> sind am 28.11.2025 11 Welpen geboren &#8211; 4 R\u00fcden \/ 7 H\u00fcndinnen.<\/p>\n\n\n\n<p>Die Welpen sind gesund, kr\u00e4ftig und entwickeln sich hervorragend.<\/p>\n\n\n\n<p>Bei Interesse an einem Welpen aus dieser Verpaarung freuen wir uns \u00fcber eine fr\u00fchzeitige&nbsp;<a href=\"https:\/\/rottweilerzwinger-vom-deisterhorst.de\/?page_id=33\" target=\"_blank\" rel=\"noreferrer noopener\">Kontaktaufnahme<\/a>.<\/p>\n\n\n\n<p>From the mating of Mandy vom Deisterhorst and the male Mars vom Cherniy Kumir, 11 puppies were born on November 28, 2025 \u2013 4 males and 7 females.<\/p>\n\n\n\n<p>The puppies are healthy, strong, and developing excellently.<\/p>\n\n\n\n<p>If you are interested in a puppy from this pairing, we would be pleased to <a href=\"http:\/\/rottweilerzwinger-vom-deisterhorst.de\/?page_id=33\">hear from you<\/a> at an early stage.<\/p>\n\n\n\n<div class=\"wp-block-group\"><div class=\"wp-block-group__inner-container\">\n<div class=\"wp-block-group\"><div class=\"wp-block-group__inner-container\">\n<div class=\"wp-block-group\"><div class=\"wp-block-group__inner-container\">\n<figure class=\"wp-block-gallery columns-3 is-cropped\"><ul class=\"blocks-gallery-grid\"><li class=\"blocks-gallery-item\"><figure><img loading=\"lazy\" width=\"576\" height=\"1024\" src=\"https:\/\/rottweilerzwinger-vom-deisterhorst.de\/wp-content\/uploads\/2026\/01\/Hellblau-Weiss-Niedlich-Polaroid-Rahmen-Hundemama-Handy-Hintergrundbild-2-576x1024.jpg\" alt=\"\" data-id=\"374\" data-full-url=\"https:\/\/rottweilerzwinger-vom-deisterhorst.de\/wp-content\/uploads\/2026\/01\/Hellblau-Weiss-Niedlich-Polaroid-Rahmen-Hundemama-Handy-Hintergrundbild-2.jpg\" data-link=\"https:\/\/rottweilerzwinger-vom-deisterhorst.de\/?attachment_id=374\" class=\"wp-image-374\" srcset=\"http:\/\/rottweilerzwinger-vom-deisterhorst.de\/wp-content\/uploads\/2026\/01\/Hellblau-Weiss-Niedlich-Polaroid-Rahmen-Hundemama-Handy-Hintergrundbild-2-576x1024.jpg 576w, http:\/\/rottweilerzwinger-vom-deisterhorst.de\/wp-content\/uploads\/2026\/01\/Hellblau-Weiss-Niedlich-Polaroid-Rahmen-Hundemama-Handy-Hintergrundbild-2-169x300.jpg 169w, http:\/\/rottweilerzwinger-vom-deisterhorst.de\/wp-content\/uploads\/2026\/01\/Hellblau-Weiss-Niedlich-Polaroid-Rahmen-Hundemama-Handy-Hintergrundbild-2-768x1365.jpg 768w, http:\/\/rottweilerzwinger-vom-deisterhorst.de\/wp-content\/uploads\/2026\/01\/Hellblau-Weiss-Niedlich-Polaroid-Rahmen-Hundemama-Handy-Hintergrundbild-2-864x1536.jpg 864w, http:\/\/rottweilerzwinger-vom-deisterhorst.de\/wp-content\/uploads\/2026\/01\/Hellblau-Weiss-Niedlich-Polaroid-Rahmen-Hundemama-Handy-Hintergrundbild-2.jpg 1080w\" sizes=\"(max-width: 576px) 100vw, 576px\" \/><\/figure><\/li><li class=\"blocks-gallery-item\"><figure><img loading=\"lazy\" width=\"576\" height=\"1024\" src=\"https:\/\/rottweilerzwinger-vom-deisterhorst.de\/wp-content\/uploads\/2026\/01\/Hellblau-Weiss-Niedlich-Polaroid-Rahmen-Hundemama-Handy-Hintergrundbild-1-576x1024.jpg\" alt=\"\" data-id=\"375\" data-full-url=\"https:\/\/rottweilerzwinger-vom-deisterhorst.de\/wp-content\/uploads\/2026\/01\/Hellblau-Weiss-Niedlich-Polaroid-Rahmen-Hundemama-Handy-Hintergrundbild-1.jpg\" data-link=\"https:\/\/rottweilerzwinger-vom-deisterhorst.de\/?attachment_id=375\" class=\"wp-image-375\" srcset=\"http:\/\/rottweilerzwinger-vom-deisterhorst.de\/wp-content\/uploads\/2026\/01\/Hellblau-Weiss-Niedlich-Polaroid-Rahmen-Hundemama-Handy-Hintergrundbild-1-576x1024.jpg 576w, http:\/\/rottweilerzwinger-vom-deisterhorst.de\/wp-content\/uploads\/2026\/01\/Hellblau-Weiss-Niedlich-Polaroid-Rahmen-Hundemama-Handy-Hintergrundbild-1-169x300.jpg 169w, http:\/\/rottweilerzwinger-vom-deisterhorst.de\/wp-content\/uploads\/2026\/01\/Hellblau-Weiss-Niedlich-Polaroid-Rahmen-Hundemama-Handy-Hintergrundbild-1-768x1365.jpg 768w, http:\/\/rottweilerzwinger-vom-deisterhorst.de\/wp-content\/uploads\/2026\/01\/Hellblau-Weiss-Niedlich-Polaroid-Rahmen-Hundemama-Handy-Hintergrundbild-1-864x1536.jpg 864w, http:\/\/rottweilerzwinger-vom-deisterhorst.de\/wp-content\/uploads\/2026\/01\/Hellblau-Weiss-Niedlich-Polaroid-Rahmen-Hundemama-Handy-Hintergrundbild-1.jpg 1080w\" sizes=\"(max-width: 576px) 100vw, 576px\" \/><\/figure><\/li><li class=\"blocks-gallery-item\"><figure><img loading=\"lazy\" width=\"768\" height=\"1024\" src=\"https:\/\/rottweilerzwinger-vom-deisterhorst.de\/wp-content\/uploads\/2025\/12\/IMG_20251214_170052-768x1024.jpg\" alt=\"\" data-id=\"367\" data-link=\"https:\/\/rottweilerzwinger-vom-deisterhorst.de\/?attachment_id=367\" class=\"wp-image-367\" srcset=\"http:\/\/rottweilerzwinger-vom-deisterhorst.de\/wp-content\/uploads\/2025\/12\/IMG_20251214_170052-768x1024.jpg 768w, http:\/\/rottweilerzwinger-vom-deisterhorst.de\/wp-content\/uploads\/2025\/12\/IMG_20251214_170052-225x300.jpg 225w, http:\/\/rottweilerzwinger-vom-deisterhorst.de\/wp-content\/uploads\/2025\/12\/IMG_20251214_170052-1152x1536.jpg 1152w, http:\/\/rottweilerzwinger-vom-deisterhorst.de\/wp-content\/uploads\/2025\/12\/IMG_20251214_170052-1536x2048.jpg 1536w, http:\/\/rottweilerzwinger-vom-deisterhorst.de\/wp-content\/uploads\/2025\/12\/IMG_20251214_170052-scaled.jpg 1920w\" sizes=\"(max-width: 768px) 100vw, 768px\" \/><figcaption class=\"blocks-gallery-item__caption\">Obelix vom Deisterhorst auf der Waage &#8211; 16 Tage alt<\/figcaption><\/figure><\/li><li class=\"blocks-gallery-item\"><figure><img loading=\"lazy\" width=\"768\" height=\"1024\" src=\"https:\/\/rottweilerzwinger-vom-deisterhorst.de\/wp-content\/uploads\/2025\/12\/IMG-20251207-WA0010-768x1024.jpg\" alt=\"\" data-id=\"369\" data-link=\"https:\/\/rottweilerzwinger-vom-deisterhorst.de\/?attachment_id=369\" class=\"wp-image-369\" srcset=\"http:\/\/rottweilerzwinger-vom-deisterhorst.de\/wp-content\/uploads\/2025\/12\/IMG-20251207-WA0010-768x1024.jpg 768w, http:\/\/rottweilerzwinger-vom-deisterhorst.de\/wp-content\/uploads\/2025\/12\/IMG-20251207-WA0010-225x300.jpg 225w, http:\/\/rottweilerzwinger-vom-deisterhorst.de\/wp-content\/uploads\/2025\/12\/IMG-20251207-WA0010-1152x1536.jpg 1152w, http:\/\/rottweilerzwinger-vom-deisterhorst.de\/wp-content\/uploads\/2025\/12\/IMG-20251207-WA0010.jpg 1200w\" sizes=\"(max-width: 768px) 100vw, 768px\" \/><\/figure><\/li><li class=\"blocks-gallery-item\"><figure><img loading=\"lazy\" width=\"724\" height=\"1024\" src=\"https:\/\/rottweilerzwinger-vom-deisterhorst.de\/wp-content\/uploads\/2025\/12\/Kopie-von-Tiervermittlung-Hund-sucht-ein-Zuhause-3-724x1024.jpg\" alt=\"\" data-id=\"366\" data-link=\"https:\/\/rottweilerzwinger-vom-deisterhorst.de\/?attachment_id=366\" class=\"wp-image-366\" srcset=\"http:\/\/rottweilerzwinger-vom-deisterhorst.de\/wp-content\/uploads\/2025\/12\/Kopie-von-Tiervermittlung-Hund-sucht-ein-Zuhause-3-724x1024.jpg 724w, http:\/\/rottweilerzwinger-vom-deisterhorst.de\/wp-content\/uploads\/2025\/12\/Kopie-von-Tiervermittlung-Hund-sucht-ein-Zuhause-3-212x300.jpg 212w, http:\/\/rottweilerzwinger-vom-deisterhorst.de\/wp-content\/uploads\/2025\/12\/Kopie-von-Tiervermittlung-Hund-sucht-ein-Zuhause-3-768x1086.jpg 768w, http:\/\/rottweilerzwinger-vom-deisterhorst.de\/wp-content\/uploads\/2025\/12\/Kopie-von-Tiervermittlung-Hund-sucht-ein-Zuhause-3-1087x1536.jpg 1087w, http:\/\/rottweilerzwinger-vom-deisterhorst.de\/wp-content\/uploads\/2025\/12\/Kopie-von-Tiervermittlung-Hund-sucht-ein-Zuhause-3.jpg 1415w\" sizes=\"(max-width: 724px) 100vw, 724px\" \/><\/figure><\/li><\/ul><\/figure>\n<\/div><\/div>\n<\/div><\/div>\n<\/div><\/div>\n\n\n\n<p><\/p>\n\n\n\n<p><strong>Gedanken zur Zucht:<\/strong><br>Bei der Auswahl der Zuchtpartner legen wir gr\u00f6\u00dften Wert auf Qualit\u00e4t, Gesundheit und Charakterst\u00e4rke. Beide Elterntiere verf\u00fcgen \u00fcber hervorragende Formwertnoten und ausgezeichnete gesundheitliche Ergebnisse, die eine robuste Konstitution erwarten lassen. Ebenso zeichnen sie sich durch eine ausgepr\u00e4gte Leistungsbereitschaft und ein sicheres, ausgeglichenes Wesen aus \u2013 Eigenschaften, die sie sowohl im sportlichen Einsatz als auch im Alltag zu verl\u00e4sslichen Begleitern machen.<\/p>\n\n\n\n<p>Wir erwarten Welpen, die die besten Eigenschaften beider Eltern in sich vereinen: ein kr\u00e4ftiges, typgerechtes Exterieur, hohe Arbeitsfreude und ein gefestigtes, freundliches Wesen. Durch die sorgf\u00e4ltige Zuchtplanung stellen wir sicher, dass die Nachkommen den hohen Anspr\u00fcchen der Rottweilerzucht in jeder Hinsicht gerecht werden.<\/p>\n\n\n\n<p>Wer sich f\u00fcr einen Welpen aus dieser Verpaarung entscheidet, darf auf eine hervorragende genetische Grundlage vertrauen \u2013 die besten Voraussetzungen f\u00fcr einen gesunden, leistungsf\u00e4higen und wesensstarken Rottweiler.<\/p>\n\n\n\n<p><\/p>\n\n\n\n<p><\/p>\n\n\n\n<p><strong>Mandy vom Deisterhorst<\/strong> ist eine ausdrucksstarke, substanzvolle H\u00fcndin mit vorz\u00fcglichem Pigment und harmonischem Gesamtaufbau. Sie \u00fcberzeugt durch kr\u00e4ftigen Kopf, korrekt getragene mittelgro\u00dfe Ohren, einen gut bemuskelten Hals und ein freies, raumgreifendes Gangwerk, das ihren vorz\u00fcglichen Formwert unterstreicht.<\/p>\n\n\n\n<p>Sie hat die Pr\u00fcfungen <strong>BH<\/strong> und <strong>IGP 2<\/strong> erfolgreich <strong>absolviert<\/strong> und bei ihrer <strong>ZTP<\/strong> eine <strong>vorz\u00fcgliche Bewertung<\/strong> erhalten. Damit best\u00e4tigt sie ihre hervorragenden Anlagen sowohl in der Arbeitsbereitschaft als auch in der Nervenst\u00e4rke und F\u00fchrigkeit.<\/p>\n\n\n\n<p>Gesundheitlich erf\u00fcllt Mandy alle Voraussetzungen f\u00fcr eine verantwortungsvolle Zucht: <strong>HD-frei<\/strong>, <strong>ED-frei<\/strong> und <strong>JLPP N\/N<\/strong>. Diese Werte stehen f\u00fcr eine solide genetische Basis und eine robuste Konstitution.<\/p>\n\n\n\n<p>Im Wesen zeigt sich Mandy als temperamentvolle, arbeitsfreudige und ausgeglichene H\u00fcndin mit sicherem Sozialverhalten \u2013 eine Rottweilerh\u00fcndin, die Leistungsverm\u00f6gen und Charakter in idealer Weise vereint.<\/p>\n\n\n\n<div class=\"wp-block-image\"><figure class=\"aligncenter size-large is-resized\"><img loading=\"lazy\" src=\"https:\/\/rottweilerzwinger-vom-deisterhorst.de\/wp-content\/uploads\/2024\/10\/IMG_20240925_110930-EDIT-1024x723.jpg\" alt=\"\" class=\"wp-image-314\" width=\"542\" height=\"382\" srcset=\"http:\/\/rottweilerzwinger-vom-deisterhorst.de\/wp-content\/uploads\/2024\/10\/IMG_20240925_110930-EDIT-1024x723.jpg 1024w, http:\/\/rottweilerzwinger-vom-deisterhorst.de\/wp-content\/uploads\/2024\/10\/IMG_20240925_110930-EDIT-300x212.jpg 300w, http:\/\/rottweilerzwinger-vom-deisterhorst.de\/wp-content\/uploads\/2024\/10\/IMG_20240925_110930-EDIT-768x542.jpg 768w, http:\/\/rottweilerzwinger-vom-deisterhorst.de\/wp-content\/uploads\/2024\/10\/IMG_20240925_110930-EDIT.jpg 1330w\" sizes=\"(max-width: 542px) 100vw, 542px\" \/><\/figure><\/div>\n\n\n\n<p><strong>Mars vom Cherniy Kumir<\/strong> ist ein ausgesprochen typstarker R\u00fcde mit starken Arbeitsanlagen. Sein Stammbaum weist bedeutende Zuchthunde wie Hunter vom Wilden Westen und Bombe vom Cherniy Kumir auf, was auf eine gezielte Linienf\u00fchrung und exzellente Herkunft hinweist. <\/p>\n\n\n\n<p>Mars \u00fcberzeugt durch hervorragende Bewertungsergebnisse im Formwert und Zuchteinsatz. Er ist gek\u00f6rt im Klub bis 2025 und f\u00fchrt die Auszeichnungen \u201eDt. Jugend-Champion VDH\/ADRK\u201c sowie \u201eDt. Champion VDH\u201c \u2013 damit zeigt er sowohl im Leistungssport als auch im Ausstellungsbereich h\u00f6chste Qualit\u00e4ten.<\/p>\n\n\n\n<p>Auch aus gesundheitlicher Sicht bringt Mars beste Voraussetzungen mit: HD frei und ED frei sind best\u00e4tigt. Diese Werte, gepaart mit seiner kraftvollen Statur und seinem sicheren Wesen, machen ihn zu einem idealen Partner.<\/p>\n\n\n\n<div class=\"wp-block-image\"><figure class=\"aligncenter size-large is-resized\"><img loading=\"lazy\" src=\"https:\/\/rottweilerzwinger-vom-deisterhorst.de\/wp-content\/uploads\/2025\/11\/Mars-1024x710.jpg\" alt=\"\" class=\"wp-image-328\" width=\"531\" height=\"368\" srcset=\"http:\/\/rottweilerzwinger-vom-deisterhorst.de\/wp-content\/uploads\/2025\/11\/Mars-1024x710.jpg 1024w, http:\/\/rottweilerzwinger-vom-deisterhorst.de\/wp-content\/uploads\/2025\/11\/Mars-300x208.jpg 300w, http:\/\/rottweilerzwinger-vom-deisterhorst.de\/wp-content\/uploads\/2025\/11\/Mars-768x533.jpg 768w, http:\/\/rottweilerzwinger-vom-deisterhorst.de\/wp-content\/uploads\/2025\/11\/Mars.jpg 1028w\" sizes=\"(max-width: 531px) 100vw, 531px\" \/><\/figure><\/div>\n","protected":false},"excerpt":{"rendered":"<p>Zucht 2025 Aus der Verpaarung Mandy vom Deisterhorst und dem R\u00fcden Mars vom Cherniy Kumir sind am 28.11.2025 11 Welpen geboren &#8211; 4 R\u00fcden \/ 7 H\u00fcndinnen. Die Welpen sind gesund, kr\u00e4ftig und entwickeln sich hervorragend. Bei Interesse an einem Welpen aus dieser Verpaarung freuen wir uns \u00fcber eine fr\u00fchzeitige&nbsp;Kontaktaufnahme. From the mating of Mandy &hellip;<\/p>\n<p class=\"read-more\"> <a class=\"\" href=\"http:\/\/rottweilerzwinger-vom-deisterhorst.de\/?page_id=326\"> <span class=\"screen-reader-text\">zucht 2025<\/span> Weiterlesen &raquo;<\/a><\/p>\n","protected":false},"author":1,"featured_media":0,"parent":0,"menu_order":0,"comment_status":"closed","ping_status":"closed","template":"","meta":[],"_links":{"self":[{"href":"http:\/\/rottweilerzwinger-vom-deisterhorst.de\/index.php?rest_route=\/wp\/v2\/pages\/326"}],"collection":[{"href":"http:\/\/rottweilerzwinger-vom-deisterhorst.de\/index.php?rest_route=\/wp\/v2\/pages"}],"about":[{"href":"http:\/\/rottweilerzwinger-vom-deisterhorst.de\/index.php?rest_route=\/wp\/v2\/types\/page"}],"author":[{"embeddable":true,"href":"http:\/\/rottweilerzwinger-vom-deisterhorst.de\/index.php?rest_route=\/wp\/v2\/users\/1"}],"replies":[{"embeddable":true,"href":"http:\/\/rottweilerzwinger-vom-deisterhorst.de\/index.php?rest_route=%2Fwp%2Fv2%2Fcomments&post=326"}],"version-history":[{"count":16,"href":"http:\/\/rottweilerzwinger-vom-deisterhorst.de\/index.php?rest_route=\/wp\/v2\/pages\/326\/revisions"}],"predecessor-version":[{"id":377,"href":"http:\/\/rottweilerzwinger-vom-deisterhorst.de\/index.php?rest_route=\/wp\/v2\/pages\/326\/revisions\/377"}],"wp:attachment":[{"href":"http:\/\/rottweilerzwinger-vom-deisterhorst.de\/index.php?rest_route=%2Fwp%2Fv2%2Fmedia&parent=326"}],"curies":[{"name":"wp","href":"https:\/\/api.w.org\/{rel}","templated":true}]}}