{"id":189,"date":"2020-01-27T16:35:57","date_gmt":"2020-01-27T16:35:57","guid":{"rendered":"http:\/\/rottweilerzwinger-vom-deisterhorst.de\/?page_id=189"},"modified":"2020-03-09T16:25:56","modified_gmt":"2020-03-09T16:25:56","slug":"zucht-2020","status":"publish","type":"page","link":"https:\/\/rottweilerzwinger-vom-deisterhorst.de\/?page_id=189","title":{"rendered":"zucht 2020"},"content":{"rendered":"<h1><\/h1>\n<h1><\/h1>\n<h1>Zucht 2020<\/h1>\n<p>&nbsp;<\/p>\n<p>Am 08.03.2020 hat Franzi vom Norderdiek V: Gauner vom Tanneneck<br \/>\n6 gesunde Welpen geworfen: 3 R\u00fcden \/ 3 H\u00fcndinnen<br \/>\nGeburtsgewicht: \u00f8 460 g, sehr kr\u00e4ftige, vitale Welpen<br \/>\nFranzi ist wohl auf und eine gute Mutter.<\/p>\n<div class=\"text_exposed_show\">\n<p>Liebe Gr\u00fc\u00dfe an alle Rotti-Fans<\/p>\n<p>weitere Infos folgen in K\u00fcrze<\/p>\n<\/div>\n<p>&nbsp;<\/p>\n<p><img loading=\"lazy\" class=\"alignnone  wp-image-205\" src=\"http:\/\/rottweilerzwinger-vom-deisterhorst.de\/wp-content\/uploads\/2020\/03\/IMG-20200309-WA0007-1024x768.jpg\" alt=\"\" width=\"580\" height=\"435\" srcset=\"https:\/\/rottweilerzwinger-vom-deisterhorst.de\/wp-content\/uploads\/2020\/03\/IMG-20200309-WA0007-1024x768.jpg 1024w, https:\/\/rottweilerzwinger-vom-deisterhorst.de\/wp-content\/uploads\/2020\/03\/IMG-20200309-WA0007-300x225.jpg 300w, https:\/\/rottweilerzwinger-vom-deisterhorst.de\/wp-content\/uploads\/2020\/03\/IMG-20200309-WA0007-768x576.jpg 768w, https:\/\/rottweilerzwinger-vom-deisterhorst.de\/wp-content\/uploads\/2020\/03\/IMG-20200309-WA0007.jpg 1600w\" sizes=\"(max-width: 580px) 100vw, 580px\" \/> <img loading=\"lazy\" class=\"alignnone  wp-image-206\" src=\"http:\/\/rottweilerzwinger-vom-deisterhorst.de\/wp-content\/uploads\/2020\/03\/IMG-20200309-WA0000_2.jpg\" alt=\"\" width=\"327\" height=\"436\" srcset=\"https:\/\/rottweilerzwinger-vom-deisterhorst.de\/wp-content\/uploads\/2020\/03\/IMG-20200309-WA0000_2.jpg 701w, https:\/\/rottweilerzwinger-vom-deisterhorst.de\/wp-content\/uploads\/2020\/03\/IMG-20200309-WA0000_2-225x300.jpg 225w\" sizes=\"(max-width: 327px) 100vw, 327px\" \/><\/p>\n<p>Decktag: 06.01.2020<br \/>\nWurftag: 08.03.2020<br \/>\nWurfst\u00e4rke: 3 R\u00fcden \/ 3 H\u00fcndinnen<\/p>\n<p>Bei Interesse k\u00f6nnen Sie uns hier erreichen:\u00a0<a href=\"http:\/\/rottweilerzwinger-vom-deisterhorst.de\/?page_id=33\">kontakt<\/a><\/p>\n<p><a href=\"https:\/\/www.working-dog.com\/breed\/vom-Deisterhorst-162879\" target=\"_blank\" rel=\"noopener\"><img loading=\"lazy\" class=\"alignnone wp-image-160\" src=\"http:\/\/rottweilerzwinger-vom-deisterhorst.de\/wp-content\/uploads\/2019\/03\/wd_logo_200_200.png\" alt=\"\" width=\"70\" height=\"70\" srcset=\"https:\/\/rottweilerzwinger-vom-deisterhorst.de\/wp-content\/uploads\/2019\/03\/wd_logo_200_200.png 200w, https:\/\/rottweilerzwinger-vom-deisterhorst.de\/wp-content\/uploads\/2019\/03\/wd_logo_200_200-150x150.png 150w\" sizes=\"(max-width: 70px) 100vw, 70px\" \/><\/a><a href=\"https:\/\/de.working-dog.com\/breed\/vom-Deisterhorst-186537\" target=\"_blank\" rel=\"noopener\">Zucht des Zwingers vom Deisterhorst auf working-dog.com<\/a><\/p>\n<h5>Gedanken zur Zucht:<\/h5>\n<div dir=\"auto\">Gauner vom Tanneneck ein sehr harmonischer, temperamentvoller und arbeitsfreudiger R\u00fcde mit hervorragenden Wesensanlagen (Weltmeister ADRK 2019).<\/div>\n<div dir=\"auto\">Franzi von Norderdiek ist eine gro\u00dfe, kr\u00e4ftige, knochenstarke, vorz\u00fcgliche H\u00fcndin mit freundlichem Wesen und sehr guter Zuchtveranlagung.<\/div>\n<div dir=\"auto\">Diese Paarung verspricht sehr harmonische Welpen mit<\/div>\n<div dir=\"auto\">ausgezeichneten Wesens- und Gesundheitsanlagen. Arbeitsfreude gepaart mit vorz\u00fcglichem Formwert ist das Ziel dieser Zucht.<\/div>\n<p>&nbsp;<\/p>\n<h4>Franzi vom Norderdiek<\/h4>\n<p>BH, IPO I, ZTP<br \/>\nHD +\/-, ED frei,\u00a0JLPP N\/N<\/p>\n<p><img loading=\"lazy\" class=\"alignnone wp-image-190 \" src=\"http:\/\/rottweilerzwinger-vom-deisterhorst.de\/wp-content\/uploads\/2020\/01\/Franzi-1024x576.jpg\" alt=\"\" width=\"504\" height=\"284\" srcset=\"https:\/\/rottweilerzwinger-vom-deisterhorst.de\/wp-content\/uploads\/2020\/01\/Franzi-1024x576.jpg 1024w, https:\/\/rottweilerzwinger-vom-deisterhorst.de\/wp-content\/uploads\/2020\/01\/Franzi-300x169.jpg 300w, https:\/\/rottweilerzwinger-vom-deisterhorst.de\/wp-content\/uploads\/2020\/01\/Franzi-768x432.jpg 768w\" sizes=\"(max-width: 504px) 100vw, 504px\" \/><\/p>\n<h4><\/h4>\n<h4><\/h4>\n<h4>Gauner vom Tanneneck<br \/>\nPlatz 1\u00a0 \u00a0 \u00a0Weltmeisterschaft ADRK\u00a02019<\/h4>\n<p>BH\/VT, IPO 3, IGP 3<br \/>\nJLPP-N\/N, HD-Frei, ED +\/- ,JLPP N\/N<\/p>\n<p><img loading=\"lazy\" class=\"alignnone wp-image-192\" src=\"http:\/\/rottweilerzwinger-vom-deisterhorst.de\/wp-content\/uploads\/2020\/01\/Gauner-vom-Tanneneck-86888.jpg\" alt=\"\" width=\"294\" height=\"388\" \/><\/p>\n<p>Yasemin mit Gauner vom Tanneneck bei der Unterordnung\u00a0 &#8211; Weltmeisterschaft des Allgemeinen Rottweiler Klubs 2019<br \/>\nDas Bild zeigt die Dynamik , den Ausdruck und die Arbeitsfreude von Gauner im Zusammenspiel mit seiner Hundef\u00fchrerin<\/p>\n","protected":false},"excerpt":{"rendered":"<p>Zucht 2020 &nbsp; Am 08.03.2020 hat Franzi vom Norderdiek V: Gauner vom Tanneneck 6 gesunde Welpen geworfen: 3 R\u00fcden \/ 3 H\u00fcndinnen Geburtsgewicht: \u00f8 460 g, sehr kr\u00e4ftige, vitale Welpen Franzi ist wohl auf und eine gute Mutter. Liebe Gr\u00fc\u00dfe an alle Rotti-Fans weitere Infos folgen in K\u00fcrze &nbsp; Decktag: 06.01.2020 Wurftag: 08.03.2020 Wurfst\u00e4rke: 3 &hellip;<\/p>\n<p class=\"read-more\"> <a class=\"\" href=\"https:\/\/rottweilerzwinger-vom-deisterhorst.de\/?page_id=189\"> <span class=\"screen-reader-text\">zucht 2020<\/span> Weiterlesen &raquo;<\/a><\/p>\n","protected":false},"author":1,"featured_media":0,"parent":0,"menu_order":0,"comment_status":"closed","ping_status":"closed","template":"","meta":[],"_links":{"self":[{"href":"https:\/\/rottweilerzwinger-vom-deisterhorst.de\/index.php?rest_route=\/wp\/v2\/pages\/189"}],"collection":[{"href":"https:\/\/rottweilerzwinger-vom-deisterhorst.de\/index.php?rest_route=\/wp\/v2\/pages"}],"about":[{"href":"https:\/\/rottweilerzwinger-vom-deisterhorst.de\/index.php?rest_route=\/wp\/v2\/types\/page"}],"author":[{"embeddable":true,"href":"https:\/\/rottweilerzwinger-vom-deisterhorst.de\/index.php?rest_route=\/wp\/v2\/users\/1"}],"replies":[{"embeddable":true,"href":"https:\/\/rottweilerzwinger-vom-deisterhorst.de\/index.php?rest_route=%2Fwp%2Fv2%2Fcomments&post=189"}],"version-history":[{"count":9,"href":"https:\/\/rottweilerzwinger-vom-deisterhorst.de\/index.php?rest_route=\/wp\/v2\/pages\/189\/revisions"}],"predecessor-version":[{"id":211,"href":"https:\/\/rottweilerzwinger-vom-deisterhorst.de\/index.php?rest_route=\/wp\/v2\/pages\/189\/revisions\/211"}],"wp:attachment":[{"href":"https:\/\/rottweilerzwinger-vom-deisterhorst.de\/index.php?rest_route=%2Fwp%2Fv2%2Fmedia&parent=189"}],"curies":[{"name":"wp","href":"https:\/\/api.w.org\/{rel}","templated":true}]}}