{"id":2,"date":"2016-05-10T03:48:21","date_gmt":"2016-05-10T03:48:21","guid":{"rendered":"http:\/\/rottweilerzwinger-vom-deisterhorst.de\/?page_id=2"},"modified":"2025-12-14T15:53:02","modified_gmt":"2025-12-14T15:53:02","slug":"sample-page","status":"publish","type":"page","link":"https:\/\/rottweilerzwinger-vom-deisterhorst.de\/","title":{"rendered":"home"},"content":{"rendered":"<h1 style=\"text-align: center;\">Willkommen auf der Homepage des Rottweilerzwingers vom Deisterhorst<\/h1>\n<p style=\"text-align: left;\">Aus der Verpaarung <a href=\"https:\/\/www.working-dog.com\/dogs-details\/7895936\/Mandy-vom-Deisterhorst\" target=\"_blank\" rel=\"noreferrer noopener\"><strong>Mandy vom Deisterhorst<\/strong> <\/a>und dem R\u00fcden <strong><a href=\"https:\/\/www.working-dog.com\/dogs-details\/6975989\/Mars-vom-Cherniy-Kumir\" target=\"_blank\" rel=\"noreferrer noopener\" data-type=\"URL\" data-id=\"https:\/\/www.working-dog.com\/dogs-details\/6975989\/Mars-vom-Cherniy-Kumir\">Mars vom Cherniy Kumir<\/a><\/strong> sind am 28.11.2025 11 Welpen geboren &#8211; 4 R\u00fcden \/ 7 H\u00fcndinnen.<\/p>\n<p style=\"text-align: left;\">Die Welpen sind gesund, kr\u00e4ftig und entwickeln sich hervorragend.<\/p>\n<p style=\"text-align: left;\">Bei Interesse an einem Welpen aus dieser Verpaarung freuen wir uns \u00fcber eine fr\u00fchzeitige\u00a0<a href=\"https:\/\/rottweilerzwinger-vom-deisterhorst.de\/?page_id=33\" target=\"_blank\" rel=\"noreferrer noopener\" data-type=\"page\" data-id=\"33\">Kontaktaufnahme<\/a>.<\/p>\n<p>Die aktuelle Entwicklung der Welpen finden sie hier: <a href=\"http:\/\/rottweilerzwinger-vom-deisterhorst.de\/?page_id=326\">zucht 2025<\/a><\/p>\n<p style=\"text-align: left;\">From the mating of Mandy vom Deisterhorst and the male Mars vom Cherniy Kumir, 11 puppies were born on November 28, 2025 \u2013 4 males and 7 females.<\/p>\n<p style=\"text-align: left;\">The puppies are healthy, strong, and developing excellently.<\/p>\n<p style=\"text-align: left;\">If you are interested in a puppy from this pairing, we would be pleased to <a href=\"http:\/\/rottweilerzwinger-vom-deisterhorst.de\/?page_id=33\">hear from you<\/a> at an early stage.<\/p>\n<p style=\"text-align: left;\">You can find the puppies\u2019 current development here: <a href=\"http:\/\/rottweilerzwinger-vom-deisterhorst.de\/?page_id=326\">zucht 2025<\/a><\/p>\n\n\n<figure class=\"wp-block-image size-large\"><img loading=\"lazy\" width=\"724\" height=\"1024\" src=\"https:\/\/rottweilerzwinger-vom-deisterhorst.de\/wp-content\/uploads\/2025\/12\/Kopie-von-Tiervermittlung-Hund-sucht-ein-Zuhause-724x1024.jpg\" alt=\"\" class=\"wp-image-357\" srcset=\"https:\/\/rottweilerzwinger-vom-deisterhorst.de\/wp-content\/uploads\/2025\/12\/Kopie-von-Tiervermittlung-Hund-sucht-ein-Zuhause-724x1024.jpg 724w, https:\/\/rottweilerzwinger-vom-deisterhorst.de\/wp-content\/uploads\/2025\/12\/Kopie-von-Tiervermittlung-Hund-sucht-ein-Zuhause-212x300.jpg 212w, https:\/\/rottweilerzwinger-vom-deisterhorst.de\/wp-content\/uploads\/2025\/12\/Kopie-von-Tiervermittlung-Hund-sucht-ein-Zuhause-768x1086.jpg 768w, https:\/\/rottweilerzwinger-vom-deisterhorst.de\/wp-content\/uploads\/2025\/12\/Kopie-von-Tiervermittlung-Hund-sucht-ein-Zuhause-1087x1536.jpg 1087w, https:\/\/rottweilerzwinger-vom-deisterhorst.de\/wp-content\/uploads\/2025\/12\/Kopie-von-Tiervermittlung-Hund-sucht-ein-Zuhause.jpg 1415w\" sizes=\"(max-width: 724px) 100vw, 724px\" \/><\/figure>\n\n\n<p><strong>Gedanken zur Zucht:<\/strong><br>\nBei der Auswahl der Zuchtpartner legen wir gr\u00f6\u00dften Wert auf Qualit\u00e4t, Gesundheit und Charakterst\u00e4rke. Beide Elterntiere verf\u00fcgen \u00fcber hervorragende Formwertnoten und ausgezeichnete gesundheitliche Ergebnisse, die eine robuste Konstitution erwarten lassen. Ebenso zeichnen sie sich durch eine ausgepr\u00e4gte Leistungsbereitschaft und ein sicheres, ausgeglichenes Wesen aus \u2013 Eigenschaften, die sie sowohl im sportlichen Einsatz als auch im Alltag zu verl\u00e4sslichen Begleitern machen.<\/p>\n<p>Wir erwarten Welpen, die die besten Eigenschaften beider Eltern in sich vereinen: ein kr\u00e4ftiges, typgerechtes Exterieur, hohe Arbeitsfreude und ein gefestigtes, freundliches Wesen. Durch die sorgf\u00e4ltige Zuchtplanung stellen wir sicher, dass die Nachkommen den hohen Anspr\u00fcchen der Rottweilerzucht in jeder Hinsicht gerecht werden.<\/p>\n<p>Wer sich f\u00fcr einen Welpen aus dieser Verpaarung entscheidet, darf auf eine hervorragende genetische Grundlage vertrauen \u2013 die besten Voraussetzungen f\u00fcr einen gesunden, leistungsf\u00e4higen und wesensstarken Rottweiler.<\/p>\n<p><a href=\"http:\/\/rottweilerzwinger-vom-deisterhorst.de\/?page_id=326\">Zucht 2025<\/a><\/p>\n<p><img loading=\"lazy\" class=\"size-full wp-image-141 aligncenter\" src=\"http:\/\/rottweilerzwinger-vom-deisterhorst.de\/wp-content\/uploads\/2019\/03\/welpe.jpg\" alt=\"\" width=\"560\" height=\"350\" srcset=\"https:\/\/rottweilerzwinger-vom-deisterhorst.de\/wp-content\/uploads\/2019\/03\/welpe.jpg 560w, https:\/\/rottweilerzwinger-vom-deisterhorst.de\/wp-content\/uploads\/2019\/03\/welpe-300x188.jpg 300w\" sizes=\"(max-width: 560px) 100vw, 560px\" \/><\/p>","protected":false},"excerpt":{"rendered":"<p>Willkommen auf der Homepage des Rottweilerzwingers vom Deisterhorst Aus der Verpaarung Mandy vom Deisterhorst und dem R\u00fcden Mars vom Cherniy Kumir sind am 28.11.2025 11 Welpen geboren &#8211; 4 R\u00fcden \/ 7 H\u00fcndinnen. Die Welpen sind gesund, kr\u00e4ftig und entwickeln sich hervorragend. Bei Interesse an einem Welpen aus dieser Verpaarung freuen wir uns \u00fcber eine &hellip;<\/p>\n<p class=\"read-more\"> <a class=\"\" href=\"https:\/\/rottweilerzwinger-vom-deisterhorst.de\/\"> <span class=\"screen-reader-text\">home<\/span> Weiterlesen &raquo;<\/a><\/p>\n","protected":false},"author":1,"featured_media":0,"parent":0,"menu_order":0,"comment_status":"closed","ping_status":"open","template":"","meta":[],"_links":{"self":[{"href":"https:\/\/rottweilerzwinger-vom-deisterhorst.de\/index.php?rest_route=\/wp\/v2\/pages\/2"}],"collection":[{"href":"https:\/\/rottweilerzwinger-vom-deisterhorst.de\/index.php?rest_route=\/wp\/v2\/pages"}],"about":[{"href":"https:\/\/rottweilerzwinger-vom-deisterhorst.de\/index.php?rest_route=\/wp\/v2\/types\/page"}],"author":[{"embeddable":true,"href":"https:\/\/rottweilerzwinger-vom-deisterhorst.de\/index.php?rest_route=\/wp\/v2\/users\/1"}],"replies":[{"embeddable":true,"href":"https:\/\/rottweilerzwinger-vom-deisterhorst.de\/index.php?rest_route=%2Fwp%2Fv2%2Fcomments&post=2"}],"version-history":[{"count":33,"href":"https:\/\/rottweilerzwinger-vom-deisterhorst.de\/index.php?rest_route=\/wp\/v2\/pages\/2\/revisions"}],"predecessor-version":[{"id":364,"href":"https:\/\/rottweilerzwinger-vom-deisterhorst.de\/index.php?rest_route=\/wp\/v2\/pages\/2\/revisions\/364"}],"wp:attachment":[{"href":"https:\/\/rottweilerzwinger-vom-deisterhorst.de\/index.php?rest_route=%2Fwp%2Fv2%2Fmedia&parent=2"}],"curies":[{"name":"wp","href":"https:\/\/api.w.org\/{rel}","templated":true}]}}