{"id":280,"date":"2024-10-13T07:52:32","date_gmt":"2024-10-13T07:52:32","guid":{"rendered":"http:\/\/rottweilerzwinger-vom-deisterhorst.de\/?page_id=280"},"modified":"2024-10-13T08:02:58","modified_gmt":"2024-10-13T08:02:58","slug":"mandy-vom-deisterhorst","status":"publish","type":"page","link":"https:\/\/rottweilerzwinger-vom-deisterhorst.de\/?page_id=280","title":{"rendered":"mandy vom deisterhorst"},"content":{"rendered":"\n<p class=\"has-large-font-size\">Mandy vom Deisterhorst<\/p>\n\n\n\n<figure class=\"wp-block-image size-large\"><img loading=\"lazy\" width=\"1024\" height=\"723\" src=\"https:\/\/rottweilerzwinger-vom-deisterhorst.de\/wp-content\/uploads\/2024\/10\/IMG_20240925_110930-EDIT-1-1024x723.jpg\" alt=\"\" class=\"wp-image-317\" srcset=\"https:\/\/rottweilerzwinger-vom-deisterhorst.de\/wp-content\/uploads\/2024\/10\/IMG_20240925_110930-EDIT-1-1024x723.jpg 1024w, https:\/\/rottweilerzwinger-vom-deisterhorst.de\/wp-content\/uploads\/2024\/10\/IMG_20240925_110930-EDIT-1-300x212.jpg 300w, https:\/\/rottweilerzwinger-vom-deisterhorst.de\/wp-content\/uploads\/2024\/10\/IMG_20240925_110930-EDIT-1-768x542.jpg 768w, https:\/\/rottweilerzwinger-vom-deisterhorst.de\/wp-content\/uploads\/2024\/10\/IMG_20240925_110930-EDIT-1.jpg 1330w\" sizes=\"(max-width: 1024px) 100vw, 1024px\" \/><\/figure>\n\n\n\n<p><a href=\"https:\/\/www.working-dog.com\/dogs-details\/7895936\/Mandy-vom-Deisterhorst\" target=\"_blank\" rel=\"noreferrer noopener\">Mandy vom Deisterhorst auf working-dog.com<\/a><\/p>\n\n\n\n<p>Wurftag: 05.05.2022<br>Gr\u00f6\u00dfe \/ Gewicht:&nbsp;63 cm \/ 40 kg<br>Ausbildungskennzeichen: BH, IGP 2<br>Ergebnis: ZTP<br>Schaubewertung:&nbsp;vorz\u00fcglich<br>Gesundheitsergebnisse: HD &#8211; (frei), ED &#8211; (frei), JLPP-N\/N<\/p>\n\n\n\n<p>ZTP am 26.05.2024 in Oldenburg, R\u00fcdiger Schmidt<\/p>\n\n\n\n<p>sehr gro\u00df, passende Knochenst\u00e4rke, aufmerksam, umg\u00e4nglich, kr\u00e4ftiger Kopf, mittelgro\u00dfe, hoch angesetzte, korrekt getragene Ohren, sehr guter Stop, dunkelbraune Augen, kr\u00e4ftiger Fang mit dunklen Maulpigmenten, muskul\u00f6ser Hals, sehr gute Brustverh\u00e4ltnisse, gerade Vorhand, kr\u00e4ftige Pfoten, sehr gute obere und untere Linie, kr\u00e4ftig bemuskelte Hinterhand mit korrekten Winkelungen, Rute nat\u00fcrlich getragen, Stockhaar mit rotbrauen Abzeichen, freies, raumgreifendes Gangwerk, Scherengebiss<br>Revieren\/Stellen\/Verbellen Motivation=gut, Revieren\/Stellen\/Verbellen Ausf\u00fchrung=gut, Griffverhalten=vorz\u00fcglich, Ausdauer=vorz\u00fcglich, F\u00fchrigkeit=gut, Schussprobe gleichg\u00fcltig, Fluchtversuch\/Angriff Motivation=vorz\u00fcglich, Fluchtversuch\/Angriff Ausf\u00fchrung=vorz\u00fcglich, Angriff aus der Bewegung Motivation=vorz\u00fcglich, Angriff aus der Bewegung Ausf\u00fchrung=vorz\u00fcglich, Einsatzfreude=vorz\u00fcglich, Beruhigungsverm\u00f6gen sehr gut, Belastbarkeit=sehr gut,<br>Formwert=vorz\u00fcglich.<\/p>\n","protected":false},"excerpt":{"rendered":"<p>Mandy vom Deisterhorst Mandy vom Deisterhorst auf working-dog.com Wurftag: 05.05.2022Gr\u00f6\u00dfe \/ Gewicht:&nbsp;63 cm \/ 40 kgAusbildungskennzeichen: BH, IGP 2Ergebnis: ZTPSchaubewertung:&nbsp;vorz\u00fcglichGesundheitsergebnisse: HD &#8211; (frei), ED &#8211; (frei), JLPP-N\/N ZTP am 26.05.2024 in Oldenburg, R\u00fcdiger Schmidt sehr gro\u00df, passende Knochenst\u00e4rke, aufmerksam, umg\u00e4nglich, kr\u00e4ftiger Kopf, mittelgro\u00dfe, hoch angesetzte, korrekt getragene Ohren, sehr guter Stop, dunkelbraune Augen, kr\u00e4ftiger Fang &hellip;<\/p>\n<p class=\"read-more\"> <a class=\"\" href=\"https:\/\/rottweilerzwinger-vom-deisterhorst.de\/?page_id=280\"> <span class=\"screen-reader-text\">mandy vom deisterhorst<\/span> Weiterlesen &raquo;<\/a><\/p>\n","protected":false},"author":1,"featured_media":0,"parent":0,"menu_order":0,"comment_status":"closed","ping_status":"closed","template":"","meta":[],"_links":{"self":[{"href":"https:\/\/rottweilerzwinger-vom-deisterhorst.de\/index.php?rest_route=\/wp\/v2\/pages\/280"}],"collection":[{"href":"https:\/\/rottweilerzwinger-vom-deisterhorst.de\/index.php?rest_route=\/wp\/v2\/pages"}],"about":[{"href":"https:\/\/rottweilerzwinger-vom-deisterhorst.de\/index.php?rest_route=\/wp\/v2\/types\/page"}],"author":[{"embeddable":true,"href":"https:\/\/rottweilerzwinger-vom-deisterhorst.de\/index.php?rest_route=\/wp\/v2\/users\/1"}],"replies":[{"embeddable":true,"href":"https:\/\/rottweilerzwinger-vom-deisterhorst.de\/index.php?rest_route=%2Fwp%2Fv2%2Fcomments&post=280"}],"version-history":[{"count":7,"href":"https:\/\/rottweilerzwinger-vom-deisterhorst.de\/index.php?rest_route=\/wp\/v2\/pages\/280\/revisions"}],"predecessor-version":[{"id":318,"href":"https:\/\/rottweilerzwinger-vom-deisterhorst.de\/index.php?rest_route=\/wp\/v2\/pages\/280\/revisions\/318"}],"wp:attachment":[{"href":"https:\/\/rottweilerzwinger-vom-deisterhorst.de\/index.php?rest_route=%2Fwp%2Fv2%2Fmedia&parent=280"}],"curies":[{"name":"wp","href":"https:\/\/api.w.org\/{rel}","templated":true}]}}