{"id":296,"date":"2024-10-13T07:27:07","date_gmt":"2024-10-13T07:27:07","guid":{"rendered":"http:\/\/rottweilerzwinger-vom-deisterhorst.de\/?page_id=296"},"modified":"2025-11-13T15:41:42","modified_gmt":"2025-11-13T15:41:42","slug":"zucht-2024","status":"publish","type":"page","link":"https:\/\/rottweilerzwinger-vom-deisterhorst.de\/?page_id=296","title":{"rendered":"zucht 2024"},"content":{"rendered":"\n<p class=\"has-large-font-size\">Zucht 2024<\/p>\n\n\n\n<p><strong>Wurfank\u00fcndigung:<\/strong><\/p>\n\n\n\n<p>Wir freuen uns, bekannt zu geben, dass unsere H\u00fcndin <a rel=\"noreferrer noopener\" href=\"https:\/\/www.working-dog.com\/dogs-details\/7895936\/Mandy-vom-Deisterhorst\" target=\"_blank\"><strong>Mandy vom Deisterhorst<\/strong> <\/a>von dem R\u00fcden <strong><a href=\"https:\/\/www.working-dog.com\/dogs-details\/6766222\/Neo-vom-K%C3%B6nigsforst\" target=\"_blank\" rel=\"noreferrer noopener\">Neo vom K\u00f6nigsforst<\/a><\/strong> erfolgreich belegt wurde. Wenn alles planm\u00e4\u00dfig verl\u00e4uft, erwarten wir die Ankunft der Welpen Anfang November.<\/p>\n\n\n\n<p>Bei Interesse an einem Welpen aus diesem Wurf freuen wir uns \u00fcber Ihre fr\u00fchzeitige Kontaktaufnahme.<\/p>\n\n\n\n<p><strong>Gedanken zur Zucht:<\/strong><\/p>\n\n\n\n<p>Bei der Auswahl der Zuchtpartner wurde besonders auf h\u00f6chste Qualit\u00e4t in Formwertnoten und Gesundheitswerten geachtet. Beide Elterntiere zeichnen sich durch vorz\u00fcgliche Bewertungen hinsichtlich ihrer k\u00f6rperlichen Merkmale aus, die den strengen Anforderungen des Rassestandards voll und ganz entsprechen. Dar\u00fcber hinaus verf\u00fcgen sie \u00fcber ausgezeichnete gesundheitliche Werte, die eine robuste Veranlagung sicherstellen. Ein weiteres wichtiges Kriterium bei der Zuchtentscheidung war die ausgepr\u00e4gte Leistungsbereitschaft und die bemerkenswerte Wesensst\u00e4rke der Hunde. Diese Eigenschaften machen sie nicht nur zu leistungsf\u00e4higen Arbeitshunden, sondern sorgen auch f\u00fcr einen ausgeglichenen, selbstbewussten und zuverl\u00e4ssigen Charakter.<\/p>\n\n\n\n<p>Es ist zu erwarten, dass die Welpen sowohl die hervorragenden physischen Eigenschaften als auch die starken Wesensanlagen der Elterntiere erben werden. Durch die sorgf\u00e4ltige Auswahl der Zuchtpartner wird sichergestellt, dass die Nachkommen den Standards der Rottweilerzucht in jeder Hinsicht entsprechen. F\u00fcr zuk\u00fcnftige Welpenbesitzer bedeutet dies, dass sie mit einem Hund rechnen k\u00f6nnen, der nicht nur \u00e4u\u00dferlich dem Rassestandard entspricht, sondern auch im Wesen gefestigt und sicher ist.<\/p>\n\n\n\n<p>Wer sich f\u00fcr einen Welpen aus dieser Verpaarung entscheidet, kann somit auf eine hervorragende genetische Grundlage vertrauen, die beste Voraussetzungen f\u00fcr die Entwicklung eines gesunden, leistungsf\u00e4higen und wesensstarken Rottweilers bietet.<\/p>\n\n\n\n<figure class=\"wp-block-image size-large is-resized\"><img loading=\"lazy\" src=\"https:\/\/rottweilerzwinger-vom-deisterhorst.de\/wp-content\/uploads\/2024\/10\/IMG_20240925_110930-EDIT-1024x723.jpg\" alt=\"\" class=\"wp-image-314\" width=\"542\" height=\"382\" srcset=\"https:\/\/rottweilerzwinger-vom-deisterhorst.de\/wp-content\/uploads\/2024\/10\/IMG_20240925_110930-EDIT-1024x723.jpg 1024w, https:\/\/rottweilerzwinger-vom-deisterhorst.de\/wp-content\/uploads\/2024\/10\/IMG_20240925_110930-EDIT-300x212.jpg 300w, https:\/\/rottweilerzwinger-vom-deisterhorst.de\/wp-content\/uploads\/2024\/10\/IMG_20240925_110930-EDIT-768x542.jpg 768w, https:\/\/rottweilerzwinger-vom-deisterhorst.de\/wp-content\/uploads\/2024\/10\/IMG_20240925_110930-EDIT.jpg 1330w\" sizes=\"(max-width: 542px) 100vw, 542px\" \/><\/figure>\n\n\n\n<figure class=\"wp-block-image size-large is-resized\"><img loading=\"lazy\" src=\"https:\/\/rottweilerzwinger-vom-deisterhorst.de\/wp-content\/uploads\/2024\/10\/Screenshot-2024-10-07-173819.png\" alt=\"\" class=\"wp-image-313\" width=\"335\" height=\"412\" srcset=\"https:\/\/rottweilerzwinger-vom-deisterhorst.de\/wp-content\/uploads\/2024\/10\/Screenshot-2024-10-07-173819.png 571w, https:\/\/rottweilerzwinger-vom-deisterhorst.de\/wp-content\/uploads\/2024\/10\/Screenshot-2024-10-07-173819-244x300.png 244w\" sizes=\"(max-width: 335px) 100vw, 335px\" \/><\/figure>\n\n\n\n<p><\/p>\n\n\n\n<figure class=\"wp-block-image size-large\"><img loading=\"lazy\" width=\"1024\" height=\"768\" src=\"https:\/\/rottweilerzwinger-vom-deisterhorst.de\/wp-content\/uploads\/2025\/11\/IMG-20251113-WA0006-1024x768.jpg\" alt=\"\" class=\"wp-image-341\" srcset=\"https:\/\/rottweilerzwinger-vom-deisterhorst.de\/wp-content\/uploads\/2025\/11\/IMG-20251113-WA0006-1024x768.jpg 1024w, https:\/\/rottweilerzwinger-vom-deisterhorst.de\/wp-content\/uploads\/2025\/11\/IMG-20251113-WA0006-300x225.jpg 300w, https:\/\/rottweilerzwinger-vom-deisterhorst.de\/wp-content\/uploads\/2025\/11\/IMG-20251113-WA0006-768x576.jpg 768w, https:\/\/rottweilerzwinger-vom-deisterhorst.de\/wp-content\/uploads\/2025\/11\/IMG-20251113-WA0006-1536x1152.jpg 1536w, https:\/\/rottweilerzwinger-vom-deisterhorst.de\/wp-content\/uploads\/2025\/11\/IMG-20251113-WA0006.jpg 1600w\" sizes=\"(max-width: 1024px) 100vw, 1024px\" \/><figcaption>Im Winter erfolgt die Aufzucht in der Wohnung<\/figcaption><\/figure>\n\n\n\n<figure class=\"wp-block-video\"><video autoplay controls muted src=\"https:\/\/rottweilerzwinger-vom-deisterhorst.de\/wp-content\/uploads\/2025\/11\/VID-20251113-WA0009.mp4\"><\/video><figcaption>Futter-Bar &#8211; Erste Wurf von Mandy &#8211; vorz\u00fcgliche Welpen<\/figcaption><\/figure>\n\n\n\n<figure class=\"wp-block-image size-large\"><img loading=\"lazy\" width=\"768\" height=\"1024\" src=\"https:\/\/rottweilerzwinger-vom-deisterhorst.de\/wp-content\/uploads\/2025\/11\/IMG-20251113-WA0007-768x1024.jpg\" alt=\"\" class=\"wp-image-342\" srcset=\"https:\/\/rottweilerzwinger-vom-deisterhorst.de\/wp-content\/uploads\/2025\/11\/IMG-20251113-WA0007-768x1024.jpg 768w, https:\/\/rottweilerzwinger-vom-deisterhorst.de\/wp-content\/uploads\/2025\/11\/IMG-20251113-WA0007-225x300.jpg 225w, https:\/\/rottweilerzwinger-vom-deisterhorst.de\/wp-content\/uploads\/2025\/11\/IMG-20251113-WA0007-1152x1536.jpg 1152w, https:\/\/rottweilerzwinger-vom-deisterhorst.de\/wp-content\/uploads\/2025\/11\/IMG-20251113-WA0007.jpg 1200w\" sizes=\"(max-width: 768px) 100vw, 768px\" \/><figcaption>Die Welpen legen schnell an Gewicht zu<\/figcaption><\/figure>\n\n\n\n<p><\/p>\n","protected":false},"excerpt":{"rendered":"<p>Zucht 2024 Wurfank\u00fcndigung: Wir freuen uns, bekannt zu geben, dass unsere H\u00fcndin Mandy vom Deisterhorst von dem R\u00fcden Neo vom K\u00f6nigsforst erfolgreich belegt wurde. Wenn alles planm\u00e4\u00dfig verl\u00e4uft, erwarten wir die Ankunft der Welpen Anfang November. Bei Interesse an einem Welpen aus diesem Wurf freuen wir uns \u00fcber Ihre fr\u00fchzeitige Kontaktaufnahme. Gedanken zur Zucht: Bei &hellip;<\/p>\n<p class=\"read-more\"> <a class=\"\" href=\"https:\/\/rottweilerzwinger-vom-deisterhorst.de\/?page_id=296\"> <span class=\"screen-reader-text\">zucht 2024<\/span> Weiterlesen &raquo;<\/a><\/p>\n","protected":false},"author":1,"featured_media":0,"parent":0,"menu_order":0,"comment_status":"closed","ping_status":"closed","template":"","meta":[],"_links":{"self":[{"href":"https:\/\/rottweilerzwinger-vom-deisterhorst.de\/index.php?rest_route=\/wp\/v2\/pages\/296"}],"collection":[{"href":"https:\/\/rottweilerzwinger-vom-deisterhorst.de\/index.php?rest_route=\/wp\/v2\/pages"}],"about":[{"href":"https:\/\/rottweilerzwinger-vom-deisterhorst.de\/index.php?rest_route=\/wp\/v2\/types\/page"}],"author":[{"embeddable":true,"href":"https:\/\/rottweilerzwinger-vom-deisterhorst.de\/index.php?rest_route=\/wp\/v2\/users\/1"}],"replies":[{"embeddable":true,"href":"https:\/\/rottweilerzwinger-vom-deisterhorst.de\/index.php?rest_route=%2Fwp%2Fv2%2Fcomments&post=296"}],"version-history":[{"count":7,"href":"https:\/\/rottweilerzwinger-vom-deisterhorst.de\/index.php?rest_route=\/wp\/v2\/pages\/296\/revisions"}],"predecessor-version":[{"id":348,"href":"https:\/\/rottweilerzwinger-vom-deisterhorst.de\/index.php?rest_route=\/wp\/v2\/pages\/296\/revisions\/348"}],"wp:attachment":[{"href":"https:\/\/rottweilerzwinger-vom-deisterhorst.de\/index.php?rest_route=%2Fwp%2Fv2%2Fmedia&parent=296"}],"curies":[{"name":"wp","href":"https:\/\/api.w.org\/{rel}","templated":true}]}}