{"id":42,"date":"2018-12-09T12:24:42","date_gmt":"2018-12-09T12:24:42","guid":{"rendered":"http:\/\/rottweilerzwinger-vom-deisterhorst.de\/?page_id=42"},"modified":"2019-03-11T17:10:02","modified_gmt":"2019-03-11T17:10:02","slug":"garry-vom-deisterhorst","status":"publish","type":"page","link":"https:\/\/rottweilerzwinger-vom-deisterhorst.de\/?page_id=42","title":{"rendered":"garry vom geisterhorst"},"content":{"rendered":"<h1 align=\"left\">Garry vom Deisterhorst<\/h1>\n<p>&nbsp;<\/p>\n<p align=\"left\"><img loading=\"lazy\" class=\"alignnone size-full wp-image-46\" src=\"http:\/\/rottweilerzwinger-vom-deisterhorst.de\/wp-content\/uploads\/2018\/12\/IMGP4709.jpg\" alt=\"\" width=\"426\" height=\"497\" srcset=\"https:\/\/rottweilerzwinger-vom-deisterhorst.de\/wp-content\/uploads\/2018\/12\/IMGP4709.jpg 426w, https:\/\/rottweilerzwinger-vom-deisterhorst.de\/wp-content\/uploads\/2018\/12\/IMGP4709-257x300.jpg 257w\" sizes=\"(max-width: 426px) 100vw, 426px\" \/><\/p>\n<p align=\"left\">Ausstellungsergebnis: Gebrauchshundeklasse V2 CAC Reserve Cuxhafen 2012<\/p>\n<p align=\"left\">Gro\u00df, aufmerksam umg\u00e4nglich mit guter Knochenst\u00e4rke, kr\u00e4ftiger Kopf, mittelgro\u00dfe korrekt getragene Ohren, sehr guter Stop, braune Augen, kr\u00e4ftiger Fang, dunkle Maulpigmente, kr\u00e4ftiger Hals mit lechter Kehlhaut, gute Nackenlinie. Sehr gute Vorbrst, Vorhand korrekt gestellt, kr\u00e4ftige Pfoten, gerader R\u00fccken, kr\u00e4ftige Hinterhand, gut gewinkelt, beidseits leicht ausdrehend, derbes Stockhaar mit rotbraunen Abzeichen, Rute nat\u00fcrlich getragen, nat\u00fcrliche Ganganlagen, P1 oben rechts doppelt, Scherengebiss.<\/p>\n<p>R\u00fcdiger Schmidt 29.07.2012<\/p>\n<div id='gallery-1' class='gallery galleryid-42 gallery-columns-3 gallery-size-medium'><figure class='gallery-item'>\n\t\t\t<div class='gallery-icon landscape'>\n\t\t\t\t<a href='https:\/\/rottweilerzwinger-vom-deisterhorst.de\/wp-content\/uploads\/2018\/12\/garry01.jpg'><img width=\"300\" height=\"200\" src=\"https:\/\/rottweilerzwinger-vom-deisterhorst.de\/wp-content\/uploads\/2018\/12\/garry01-300x200.jpg\" class=\"attachment-medium size-medium\" alt=\"\" loading=\"lazy\" srcset=\"https:\/\/rottweilerzwinger-vom-deisterhorst.de\/wp-content\/uploads\/2018\/12\/garry01-300x200.jpg 300w, https:\/\/rottweilerzwinger-vom-deisterhorst.de\/wp-content\/uploads\/2018\/12\/garry01.jpg 400w\" sizes=\"(max-width: 300px) 100vw, 300px\" \/><\/a>\n\t\t\t<\/div><\/figure><figure class='gallery-item'>\n\t\t\t<div class='gallery-icon landscape'>\n\t\t\t\t<a href='https:\/\/rottweilerzwinger-vom-deisterhorst.de\/wp-content\/uploads\/2018\/12\/IMGP4637.jpg'><img width=\"300\" height=\"199\" src=\"https:\/\/rottweilerzwinger-vom-deisterhorst.de\/wp-content\/uploads\/2018\/12\/IMGP4637-300x199.jpg\" class=\"attachment-medium size-medium\" alt=\"\" loading=\"lazy\" srcset=\"https:\/\/rottweilerzwinger-vom-deisterhorst.de\/wp-content\/uploads\/2018\/12\/IMGP4637-300x199.jpg 300w, https:\/\/rottweilerzwinger-vom-deisterhorst.de\/wp-content\/uploads\/2018\/12\/IMGP4637.jpg 558w\" sizes=\"(max-width: 300px) 100vw, 300px\" \/><\/a>\n\t\t\t<\/div><\/figure><figure class='gallery-item'>\n\t\t\t<div class='gallery-icon portrait'>\n\t\t\t\t<a href='https:\/\/rottweilerzwinger-vom-deisterhorst.de\/wp-content\/uploads\/2018\/12\/garry03.jpg'><img width=\"200\" height=\"300\" src=\"https:\/\/rottweilerzwinger-vom-deisterhorst.de\/wp-content\/uploads\/2018\/12\/garry03-200x300.jpg\" class=\"attachment-medium size-medium\" alt=\"\" loading=\"lazy\" srcset=\"https:\/\/rottweilerzwinger-vom-deisterhorst.de\/wp-content\/uploads\/2018\/12\/garry03-200x300.jpg 200w, https:\/\/rottweilerzwinger-vom-deisterhorst.de\/wp-content\/uploads\/2018\/12\/garry03.jpg 400w\" sizes=\"(max-width: 200px) 100vw, 200px\" \/><\/a>\n\t\t\t<\/div><\/figure><figure class='gallery-item'>\n\t\t\t<div class='gallery-icon landscape'>\n\t\t\t\t<a href='https:\/\/rottweilerzwinger-vom-deisterhorst.de\/wp-content\/uploads\/2018\/12\/DSCF1929.jpg'><img width=\"300\" height=\"225\" src=\"https:\/\/rottweilerzwinger-vom-deisterhorst.de\/wp-content\/uploads\/2018\/12\/DSCF1929-300x225.jpg\" class=\"attachment-medium size-medium\" alt=\"\" loading=\"lazy\" srcset=\"https:\/\/rottweilerzwinger-vom-deisterhorst.de\/wp-content\/uploads\/2018\/12\/DSCF1929-300x225.jpg 300w, https:\/\/rottweilerzwinger-vom-deisterhorst.de\/wp-content\/uploads\/2018\/12\/DSCF1929.jpg 547w\" sizes=\"(max-width: 300px) 100vw, 300px\" \/><\/a>\n\t\t\t<\/div><\/figure><figure class='gallery-item'>\n\t\t\t<div class='gallery-icon portrait'>\n\t\t\t\t<a href='https:\/\/rottweilerzwinger-vom-deisterhorst.de\/wp-content\/uploads\/2018\/12\/IMGP4680.jpg'><img width=\"199\" height=\"300\" src=\"https:\/\/rottweilerzwinger-vom-deisterhorst.de\/wp-content\/uploads\/2018\/12\/IMGP4680-199x300.jpg\" class=\"attachment-medium size-medium\" alt=\"\" loading=\"lazy\" srcset=\"https:\/\/rottweilerzwinger-vom-deisterhorst.de\/wp-content\/uploads\/2018\/12\/IMGP4680-199x300.jpg 199w, https:\/\/rottweilerzwinger-vom-deisterhorst.de\/wp-content\/uploads\/2018\/12\/IMGP4680.jpg 371w\" sizes=\"(max-width: 199px) 100vw, 199px\" \/><\/a>\n\t\t\t<\/div><\/figure>\n\t\t<\/div>\n\n","protected":false},"excerpt":{"rendered":"<p>Garry vom Deisterhorst &nbsp; Ausstellungsergebnis: Gebrauchshundeklasse V2 CAC Reserve Cuxhafen 2012 Gro\u00df, aufmerksam umg\u00e4nglich mit guter Knochenst\u00e4rke, kr\u00e4ftiger Kopf, mittelgro\u00dfe korrekt getragene Ohren, sehr guter Stop, braune Augen, kr\u00e4ftiger Fang, dunkle Maulpigmente, kr\u00e4ftiger Hals mit lechter Kehlhaut, gute Nackenlinie. Sehr gute Vorbrst, Vorhand korrekt gestellt, kr\u00e4ftige Pfoten, gerader R\u00fccken, kr\u00e4ftige Hinterhand, gut gewinkelt, beidseits leicht &hellip;<\/p>\n<p class=\"read-more\"> <a class=\"\" href=\"https:\/\/rottweilerzwinger-vom-deisterhorst.de\/?page_id=42\"> <span class=\"screen-reader-text\">garry vom geisterhorst<\/span> Weiterlesen &raquo;<\/a><\/p>\n","protected":false},"author":1,"featured_media":0,"parent":0,"menu_order":0,"comment_status":"closed","ping_status":"closed","template":"","meta":[],"_links":{"self":[{"href":"https:\/\/rottweilerzwinger-vom-deisterhorst.de\/index.php?rest_route=\/wp\/v2\/pages\/42"}],"collection":[{"href":"https:\/\/rottweilerzwinger-vom-deisterhorst.de\/index.php?rest_route=\/wp\/v2\/pages"}],"about":[{"href":"https:\/\/rottweilerzwinger-vom-deisterhorst.de\/index.php?rest_route=\/wp\/v2\/types\/page"}],"author":[{"embeddable":true,"href":"https:\/\/rottweilerzwinger-vom-deisterhorst.de\/index.php?rest_route=\/wp\/v2\/users\/1"}],"replies":[{"embeddable":true,"href":"https:\/\/rottweilerzwinger-vom-deisterhorst.de\/index.php?rest_route=%2Fwp%2Fv2%2Fcomments&post=42"}],"version-history":[{"count":11,"href":"https:\/\/rottweilerzwinger-vom-deisterhorst.de\/index.php?rest_route=\/wp\/v2\/pages\/42\/revisions"}],"predecessor-version":[{"id":51,"href":"https:\/\/rottweilerzwinger-vom-deisterhorst.de\/index.php?rest_route=\/wp\/v2\/pages\/42\/revisions\/51"}],"wp:attachment":[{"href":"https:\/\/rottweilerzwinger-vom-deisterhorst.de\/index.php?rest_route=%2Fwp%2Fv2%2Fmedia&parent=42"}],"curies":[{"name":"wp","href":"https:\/\/api.w.org\/{rel}","templated":true}]}}