{"id":61,"date":"2018-12-09T12:37:15","date_gmt":"2018-12-09T12:37:15","guid":{"rendered":"http:\/\/rottweilerzwinger-vom-deisterhorst.de\/?page_id=61"},"modified":"2019-03-11T17:18:12","modified_gmt":"2019-03-11T17:18:12","slug":"franka-vom-hildesheimer-rosenstock","status":"publish","type":"page","link":"https:\/\/rottweilerzwinger-vom-deisterhorst.de\/?page_id=61","title":{"rendered":"franka vom hildesheimer rosenstock"},"content":{"rendered":"<h1 align=\"left\">Franka vom Hildesheimer Rosenstock<\/h1>\n<p>&nbsp;<\/p>\n<p align=\"left\"><img loading=\"lazy\" class=\"alignnone size-full wp-image-67\" src=\"http:\/\/rottweilerzwinger-vom-deisterhorst.de\/wp-content\/uploads\/2018\/12\/franka-1.jpg\" alt=\"\" width=\"249\" height=\"338\" srcset=\"https:\/\/rottweilerzwinger-vom-deisterhorst.de\/wp-content\/uploads\/2018\/12\/franka-1.jpg 249w, https:\/\/rottweilerzwinger-vom-deisterhorst.de\/wp-content\/uploads\/2018\/12\/franka-1-221x300.jpg 221w\" sizes=\"(max-width: 249px) 100vw, 249px\" \/><\/p>\n<p align=\"left\">\n<p align=\"left\">H\u00fcndin, gew.am 19.11.05 HD-Frei ED-Frei BH<\/p>\n<p align=\"left\">VPG I \/ SchH I<\/p>\n<p align=\"left\">ID-Code lesbar<\/p>\n<p align=\"left\">Vater: 105418 GLENN VON DER DONNEREICHE<br \/>\nMutter: 107270 SANDY VOM NIENBURGER LAND<\/p>\n<p align=\"left\">Z: HEINZ SCH\u00d6NFUSS, UNTERE DORFSTR. 7,<\/p>\n<p align=\"left\">31079 SIBBESSE-PETZE<br \/>\nB: H. G. DIEKMANN, GEORGSTR. 15,<\/p>\n<p align=\"left\">31848 BAD M\u00dcNDER1. ZUCHTTAUGLICHKEITSPR\u00dcFUNG am 01.12.07 in Goldenstedt-Heide (Teschke)<\/p>\n<p align=\"left\">Widerrist 62cm Brusttiefe 30cm Gewicht 38kg Rumpfl\u00e4nge 72cm Brustumfang 82cm Oberkopf 14.5cm Fang 8.0cm<\/p>\n<p align=\"left\">Eine temperamentvolle, freundliche, substanzvolle H\u00fcndin mit ausreichend kr\u00e4ftiger Knochenst\u00e4rke und kr\u00e4ftiger Bemuskelung. Kr\u00e4ftiger Kopf mit mandelf\u00f6rmigen, sattbraunen Augen (2b) und korrektem Lidschluss, kr\u00e4ftigen Backen, kr\u00e4ftigem Jochbein, ausgepr\u00e4gtem Stop und breitem Fang. Dunkle Nase, Lefzen innen gefleckt, Maulwinkel rosa durchzogen, Zahnleisten rosa fleckig, etwas offene Lefzen. Korrekte Ohren. Die H\u00fcndin hat einen kr\u00e4ftigen Nacken, straffe Kehlhaut und normal ausgepr\u00e4gte Vorbrust. Fest anliegende Schultern. Vorhand gerade mit korrekter Winkelung. Fester und gerader R\u00fccken, flache Kruppe und h\u00e4ngend getragene, kr\u00e4ftige Rute. Tief in der Lendenpartie. Hinterhand mit stark ausgebildeten Gelenken, normal gewinkelt. Korrektes, mittellanges Haar mit rotbraunen, klar abgegrenzten Abzeichen. In der Bewegung frei und ausgreifend. Angriff a.d.Bewegung, Griff, Einsatz, Ausdauer, Beruhigung=v, Revieren\/Stellen \/Verbellen, Fluchtv.\/Angriff, F\u00fchrigkeit, Belastbarkeit=sg, schussfest.<\/p>\n","protected":false},"excerpt":{"rendered":"<p>Franka vom Hildesheimer Rosenstock &nbsp; H\u00fcndin, gew.am 19.11.05 HD-Frei ED-Frei BH VPG I \/ SchH I ID-Code lesbar Vater: 105418 GLENN VON DER DONNEREICHE Mutter: 107270 SANDY VOM NIENBURGER LAND Z: HEINZ SCH\u00d6NFUSS, UNTERE DORFSTR. 7, 31079 SIBBESSE-PETZE B: H. G. DIEKMANN, GEORGSTR. 15, 31848 BAD M\u00dcNDER1. ZUCHTTAUGLICHKEITSPR\u00dcFUNG am 01.12.07 in Goldenstedt-Heide (Teschke) Widerrist 62cm &hellip;<\/p>\n<p class=\"read-more\"> <a class=\"\" href=\"https:\/\/rottweilerzwinger-vom-deisterhorst.de\/?page_id=61\"> <span class=\"screen-reader-text\">franka vom hildesheimer rosenstock<\/span> Weiterlesen &raquo;<\/a><\/p>\n","protected":false},"author":1,"featured_media":0,"parent":0,"menu_order":0,"comment_status":"closed","ping_status":"closed","template":"","meta":[],"_links":{"self":[{"href":"https:\/\/rottweilerzwinger-vom-deisterhorst.de\/index.php?rest_route=\/wp\/v2\/pages\/61"}],"collection":[{"href":"https:\/\/rottweilerzwinger-vom-deisterhorst.de\/index.php?rest_route=\/wp\/v2\/pages"}],"about":[{"href":"https:\/\/rottweilerzwinger-vom-deisterhorst.de\/index.php?rest_route=\/wp\/v2\/types\/page"}],"author":[{"embeddable":true,"href":"https:\/\/rottweilerzwinger-vom-deisterhorst.de\/index.php?rest_route=\/wp\/v2\/users\/1"}],"replies":[{"embeddable":true,"href":"https:\/\/rottweilerzwinger-vom-deisterhorst.de\/index.php?rest_route=%2Fwp%2Fv2%2Fcomments&post=61"}],"version-history":[{"count":4,"href":"https:\/\/rottweilerzwinger-vom-deisterhorst.de\/index.php?rest_route=\/wp\/v2\/pages\/61\/revisions"}],"predecessor-version":[{"id":156,"href":"https:\/\/rottweilerzwinger-vom-deisterhorst.de\/index.php?rest_route=\/wp\/v2\/pages\/61\/revisions\/156"}],"wp:attachment":[{"href":"https:\/\/rottweilerzwinger-vom-deisterhorst.de\/index.php?rest_route=%2Fwp%2Fv2%2Fmedia&parent=61"}],"curies":[{"name":"wp","href":"https:\/\/api.w.org\/{rel}","templated":true}]}}